{"id":2166,"date":"2021-12-03T10:24:48","date_gmt":"2021-12-03T09:24:48","guid":{"rendered":"https:\/\/tinatoni.ch\/svolgimento\/"},"modified":"2021-12-16T13:06:57","modified_gmt":"2021-12-16T12:06:57","slug":"svolgimento","status":"publish","type":"page","link":"https:\/\/tinatoni.ch\/it\/svolgimento\/","title":{"rendered":"Come si svolge un\u2019animazione"},"content":{"rendered":"<p>[et_pb_section fb_built=&#8221;1&#8243; custom_padding_last_edited=&#8221;on|phone&#8221; _builder_version=&#8221;4.13.1&#8243; background_image=&#8221;https:\/\/tinatoni.ch\/wp-content\/uploads\/2021\/11\/TT_sunnyday_large.jpg&#8221; background_position=&#8221;top_right&#8221; custom_margin=&#8221;||||false|false&#8221; custom_padding=&#8221;35px||10px||false|false&#8221; custom_padding_tablet=&#8221;35px||0px||false|false&#8221; custom_padding_phone=&#8221;||0px||false|false&#8221; background_color_tablet=&#8221;#D4EDFC&#8221; background_last_edited=&#8221;on|tablet&#8221; background_enable_color_tablet=&#8221;on&#8221; background_image_tablet=&#8221;https:\/\/tinatoni.ch\/wp-content\/uploads\/2021\/11\/bg_sun.jpg&#8221; background_image_phone=&#8221;https:\/\/tinatoni.ch\/wp-content\/uploads\/2021\/11\/bg_sun.jpg&#8221; background_enable_image_tablet=&#8221;on&#8221; background_enable_image_phone=&#8221;on&#8221; background_size_tablet=&#8221;initial&#8221; background_size_phone=&#8221;initial&#8221; background_position_tablet=&#8221;top_right&#8221; global_colors_info=&#8221;{}&#8221; title_text_tablet=&#8221;faces&#8221; title_text_phone=&#8221;faces&#8221;][et_pb_row column_structure=&#8221;3_5,2_5&#8243; _builder_version=&#8221;4.4.8&#8243; custom_margin_tablet=&#8221;&#8221; custom_margin_phone=&#8221;||||false|false&#8221; custom_margin_last_edited=&#8221;on|phone&#8221; custom_padding=&#8221;||0px||false|false&#8221; global_colors_info=&#8221;{}&#8221;][et_pb_column type=&#8221;3_5&#8243; _builder_version=&#8221;4.4.8&#8243; global_colors_info=&#8221;{}&#8221;][et_pb_text ul_item_indent=&#8221;40px&#8221; ul_item_indent_tablet=&#8221;20px&#8221; ul_item_indent_phone=&#8221;20px&#8221; ul_item_indent_last_edited=&#8221;on|phone&#8221; _builder_version=&#8221;4.13.1&#8243; custom_margin=&#8221;|-50px|30px||false|false&#8221; custom_margin_tablet=&#8221;&#8221; custom_margin_phone=&#8221;|-10px|||false|false&#8221; custom_margin_last_edited=&#8221;on|phone&#8221; custom_padding=&#8221;||||false|false&#8221; global_colors_info=&#8221;{}&#8221;]<\/p>\n<h1>Come si svolge un\u2019animazione<\/h1>\n<h2>Come usare il programma Tina e Toni<\/h2>\n<p>Si tratta di un programma di prevenzione che prevede lo svolgimento di attivit\u00e0 settimanali della durata di 20-30 minuti l\u2019una. Durante il percorso, i bambini hanno la possibilit\u00e0 di conoscersi, d\u2019imparare a fidarsi gli uni degli altri e di rafforzare gradualmente le diverse competenze sociali, affettive e psicologiche, mentre l\u2019educatore che svolge le diverse attivit\u00e0 ha modo d\u2019imparare a conoscere meglio i bambini di cui si occupa.<\/p>\n<ul>\n<li>Si consiglia di limitare il numero dei partecipanti a dieci bambini, cos\u00ec da poter gestire al meglio il gruppo. In tal modo, ogni bambino avr\u00e0 la possibilit\u00e0 di essere ascoltato e di trovare un suo spazio.<\/li>\n<li>A seconda del numero di bambini che frequentano la struttura, \u00e8 possibile prevedere diversi gruppi nel corso della settimana. \u00c8 per\u00f2 importante che i bambini restino sempre nello stesso gruppo e che questo sia gestito possibilmente sempre dalla stessa persona.<\/li>\n<li>\u00c8 altrettanto importante che i genitori vengano informati dell\u2019attuazione del programma e che ne condividano gli obiettivi.<\/li>\n<\/ul>\n<p>[\/et_pb_text][\/et_pb_column][et_pb_column type=&#8221;2_5&#8243; _builder_version=&#8221;4.4.8&#8243; global_colors_info=&#8221;{}&#8221;][\/et_pb_column][\/et_pb_row][\/et_pb_section][et_pb_section fb_built=&#8221;1&#8243; _builder_version=&#8221;4.4.8&#8243; custom_padding=&#8221;0px||||false|false&#8221; global_colors_info=&#8221;{}&#8221;][et_pb_row column_structure=&#8221;3_4,1_4&#8243; _builder_version=&#8221;4.13.1&#8243; custom_padding=&#8221;45px||25px||false|false&#8221; global_colors_info=&#8221;{}&#8221;][et_pb_column type=&#8221;3_4&#8243; _builder_version=&#8221;4.4.8&#8243; global_colors_info=&#8221;{}&#8221;][et_pb_accordion open_toggle_text_color=&#8221;#70A74D&#8221; closed_toggle_background_color=&#8221;#D4EDFC&#8221; icon_color=&#8221;#00A0E2&#8243; _builder_version=&#8221;4.13.1&#8243; toggle_text_color=&#8221;#00A0E2&#8243; toggle_level=&#8221;h3&#8243; border_color_all=&#8221;#00A0E2&#8243; global_colors_info=&#8221;{}&#8221; border_color_all__hover_enabled=&#8221;on|desktop&#8221; border_color_all__hover=&#8221;#00A0E2&#8243;][et_pb_accordion_item title=&#8221;1. Benvenuto : \u00abCome stai?\u00bb (da 5 a 10 minuti)&#8221; open=&#8221;on&#8221; _builder_version=&#8221;4.13.1&#8243; custom_margin=&#8221;10px||10px||true|false&#8221; border_radii=&#8221;on|5px|5px|5px|5px&#8221; global_colors_info=&#8221;{}&#8221;]<\/p>\n<p>Tutte le attivit\u00e0 iniziano con un momento riservato ad accogliere i bambini. In pratica, si tratta di dare ad ogni bambino la possibilit\u00e0 di ascoltare i propri sentimenti, di porre attenzione a quelli degli altri e di sentire che l\u2019animatore prende sul serio le sue gioie e le sue preoccupazioni. Questa attenzione nei confronti del bambino permette a quest\u2019ultimo di instaurare un rapporto stabile con una figura di riferimento che non rientra nel suo contesto familiare. Ci\u00f2 gli permette di conservare, o addirittura di migliorare il suo senso di sicurezza. Il rituale del saluto permette inoltre all\u2019animatore di conoscere meglio i bambini che ha di fronte e di individuare precocemente eventuali difficolt\u00e0, per esempio un\u2019esclusione, un rimprovero vissuto male, un commento negativo a scuola, ecc.<\/p>\n<p>Grazie all\u2019ascolto attivo, l\u2019adulto aiuta il bambino ad affrontare le sue difficolt\u00e0 prima che aumentino e diventino un problema vero e proprio. Per animare questo momento si possono, per esempio, utilizzare \u201cI tre visi\u201d.<\/p>\n<p>[\/et_pb_accordion_item][et_pb_accordion_item title=&#8221;2. Preparare i bambini ad ascoltare una scena (3 minuti)&#8221; _builder_version=&#8221;4.13.1&#8243; custom_margin=&#8221;10px||10px||true|false&#8221; border_radii=&#8221;on|5px|5px|5px|5px&#8221; global_colors_info=&#8221;{}&#8221; open=&#8221;off&#8221;]<\/p>\n<p>Mentre i bambini si mettono a loro agio nello spazio previsto per l\u2019attivit\u00e0, si consiglia di<br \/>\nmettere una musica di sottofondo per creare un ambiente che favorisca la concentrazione.<br \/>\nPrima di far ascoltare una scena, l\u2019animatore la presenta brevemente.<\/p>\n<p>[\/et_pb_accordion_item][et_pb_accordion_item title=&#8221;3. Ascoltare la scena (da 2 a 3 minuti)&#8221; _builder_version=&#8221;4.13.1&#8243; custom_margin=&#8221;10px||10px||true|false&#8221; border_radii=&#8221;on|5px|5px|5px|5px&#8221; global_colors_info=&#8221;{}&#8221; open=&#8221;off&#8221;]<\/p>\n<p>A seconda delle attivit\u00e0 proposte al termine dell\u2019ascolto, ogni scena pu\u00f2 essere utilizzata e ascoltata pi\u00f9 volte, anche perch\u00e9 ai bambini piace sentire pi\u00f9 volte la stessa storia. In fondo all\u2019introduzione si trova un riassunto dei temi proposti.<\/p>\n<p>[\/et_pb_accordion_item][et_pb_accordion_item title=&#8221;4. Incoraggiare la discussione (5 minuti)&#8221; _builder_version=&#8221;4.13.1&#8243; custom_margin=&#8221;10px||10px||true|false&#8221; border_radii=&#8221;on|5px|5px|5px|5px&#8221; global_colors_info=&#8221;{}&#8221; open=&#8221;off&#8221;]<\/p>\n<p>Se necessario, dopo ogni scena, \u00e8 utile ricordare ai bambini le regole che bisogna rispettare<br \/>\ndurante la discussione:<\/p>\n<ul>\n<li>chiedere la parola alzando la mano;<\/li>\n<li>ascoltare i compagni senza interromperli;<\/li>\n<li>non prendere in giro i compagni;<\/li>\n<li>se un bambino non vuole esprimersi, non deve sentirsi obbligato a parlare.<\/li>\n<\/ul>\n<p>Dopo aver ascoltato la scena, lasciare libero spazio alla discussione e se necessario stimolarla<br \/>\ncon delle domande aperte. I bambini condividono le loro esperienze e i loro sentimenti, il che<br \/>\npermette loro di prendere coscienza del fatto che non sono gli unici a essere confrontati con<br \/>\npaure, conflitti, difficolt\u00e0 e che possono aiutarsi a vicenda e chiedere aiuto per risolvere i loro<br \/>\nproblemi.<br \/>\u00c8 importante assicurarsi che i bambini abbiano capito la scena, per esempio chiedendo loro di<br \/>\nriassumerla con parole proprie.<br \/>\nAlcuni bambini riflettono a lungo, altri non sembrano interessati a una determinata storia.<br \/>\nL\u2019importante, comunque, \u00e8 che il bambino che desidera esprimersi possa farlo e chi non se la<br \/>\nsente di parlare possa stare in silenzio.<br \/>Niente \u00e8 \u00abgiusto\u00bb o \u00absbagliato\u00bb: le impressioni personali di un bambino hanno sempre una<br \/>\nmotivazione!<\/p>\n<p>[\/et_pb_accordion_item][et_pb_accordion_item title=&#8221;5. Attivit\u00e0 ricreative (da 5 a 15 minuti e pi\u00f9)&#8221; _builder_version=&#8221;4.13.1&#8243; custom_margin=&#8221;10px||10px||true|false&#8221; border_radii=&#8221;on|5px|5px|5px|5px&#8221; global_colors_info=&#8221;{}&#8221; open=&#8221;off&#8221;]<\/p>\n<p>Le attivit\u00e0 o i giochi di gruppo proposti dopo la discussione o, a seconda dei casi, direttamente<br \/>\ndopo la scena, permettono ai bambini di fare esperienze positive e di consolidare, in questo<br \/>\nmodo, le loro competenze. Con i giochi, i bambini prendono coscienza e mettono in pratica<br \/>\nquello che hanno appreso dalla scena, per esempio a rafforzare la propria autostima, a<br \/>\nconoscersi meglio e a capire meglio gli altri, ad accettare le differenze, a imparare a gestire le<br \/>\npaure, le delusioni e, in particolare, a rendersi conto che ogni persona \u00e8 unica e possiede delle<br \/>\nproprie risorse.<\/p>\n<p>[\/et_pb_accordion_item][\/et_pb_accordion][\/et_pb_column][et_pb_column type=&#8221;1_4&#8243; _builder_version=&#8221;4.4.8&#8243; global_colors_info=&#8221;{}&#8221;][\/et_pb_column][\/et_pb_row][\/et_pb_section][et_pb_section fb_built=&#8221;1&#8243; _builder_version=&#8221;4.13.1&#8243; _module_preset=&#8221;default&#8221; background_color=&#8221;#00A0E2&#8243; custom_padding=&#8221;10px||10px||true|false&#8221; global_colors_info=&#8221;{}&#8221;][et_pb_row column_structure=&#8221;1_2,1_2&#8243; custom_padding_last_edited=&#8221;on|phone&#8221; _builder_version=&#8221;4.4.8&#8243; custom_margin=&#8221;||||false|false&#8221; custom_padding=&#8221;30px||||false|false&#8221; custom_padding_tablet=&#8221;||||false|false&#8221; custom_padding_phone=&#8221;||||false|false&#8221; global_colors_info=&#8221;{}&#8221;][et_pb_column type=&#8221;1_2&#8243; _builder_version=&#8221;4.13.1&#8243; _module_preset=&#8221;default&#8221; global_colors_info=&#8221;{}&#8221;][et_pb_button button_url=&#8221;@ET-DC@eyJkeW5hbWljIjp0cnVlLCJjb250ZW50IjoicG9zdF9saW5rX3VybF9wYWdlIiwic2V0dGluZ3MiOnsicG9zdF9pZCI6IjM5In19@&#8221; button_text=&#8221;Obiettivi e storie&#8221; button_alignment=&#8221;left&#8221; _builder_version=&#8221;4.13.1&#8243; _dynamic_attributes=&#8221;button_url&#8221; custom_button=&#8221;on&#8221; button_text_size=&#8221;15px&#8221; button_text_color=&#8221;#00A0E2&#8243; button_bg_color=&#8221;#FFFFFF&#8221; button_border_width=&#8221;2px&#8221; button_border_color=&#8221;#FFFFFF&#8221; button_border_radius=&#8221;7px&#8221; button_font=&#8221;|700|||||||&#8221; button_icon=&#8221;&#x49;||divi||400&#8243; button_icon_placement=&#8221;left&#8221; button_on_hover=&#8221;off&#8221; custom_margin=&#8221;15px||15px||false|false&#8221; custom_margin_tablet=&#8221;0px||0px||true|false&#8221; custom_margin_phone=&#8221;0px||0px||true|false&#8221; custom_margin_last_edited=&#8221;on|tablet&#8221; custom_padding=&#8221;|16px||35px|false|false&#8221; button_bg_color_last_edited=&#8221;off|desktop&#8221; global_colors_info=&#8221;{}&#8221; button_bg_color__hover_enabled=&#8221;on|hover&#8221; button_bg_color__hover=&#8221;rgba(212,237,252,0.5)&#8221; button_bg_enable_color__hover=&#8221;on&#8221; button_text_size__hover_enabled=&#8221;on|desktop&#8221; button_border_color__hover_enabled=&#8221;on|desktop&#8221; button_border_color__hover=&#8221;RGBA(0,0,0,0)&#8221; button_text_color__hover_enabled=&#8221;on|hover&#8221; button_text_color__hover=&#8221;#FFFFFF&#8221; button_text_size__hover=&#8221;15px&#8221;][\/et_pb_button][\/et_pb_column][et_pb_column type=&#8221;1_2&#8243; _builder_version=&#8221;4.4.8&#8243; global_colors_info=&#8221;{}&#8221;][\/et_pb_column][\/et_pb_row][\/et_pb_section]<\/p>\n","protected":false},"excerpt":{"rendered":"<p>Come si svolge un\u2019animazione Come usare il programma Tina e Toni Si tratta di un programma di prevenzione che prevede lo svolgimento di attivit\u00e0 settimanali della durata di 20-30 minuti l\u2019una. Durante il percorso, i bambini hanno la possibilit\u00e0 di conoscersi, d\u2019imparare a fidarsi gli uni degli altri e di rafforzare gradualmente le diverse competenze [&hellip;]<\/p>\n","protected":false},"author":1,"featured_media":0,"parent":0,"menu_order":0,"comment_status":"closed","ping_status":"closed","template":"","meta":{"_acf_changed":false,"_et_pb_use_builder":"on","_et_pb_old_content":"","_et_gb_content_width":"","inline_featured_image":false,"footnotes":""},"class_list":["post-2166","page","type-page","status-publish","hentry"],"acf":[],"yoast_head":"<!-- This site is optimized with the Yoast SEO plugin v27.2 - https:\/\/yoast.com\/product\/yoast-seo-wordpress\/ -->\n<title>Come si svolge un\u2019animazione - Tina e Toni<\/title>\n<meta name=\"robots\" content=\"index, follow, max-snippet:-1, max-image-preview:large, max-video-preview:-1\" \/>\n<link rel=\"canonical\" href=\"https:\/\/tinatoni.ch\/it\/svolgimento\/\" \/>\n<meta property=\"og:locale\" content=\"it_IT\" \/>\n<meta property=\"og:type\" content=\"article\" \/>\n<meta property=\"og:title\" content=\"Come si svolge un\u2019animazione - Tina e Toni\" \/>\n<meta property=\"og:description\" content=\"Come si svolge un\u2019animazione Come usare il programma Tina e Toni Si tratta di un programma di prevenzione che prevede lo svolgimento di attivit\u00e0 settimanali della durata di 20-30 minuti l\u2019una. Durante il percorso, i bambini hanno la possibilit\u00e0 di conoscersi, d\u2019imparare a fidarsi gli uni degli altri e di rafforzare gradualmente le diverse competenze [&hellip;]\" \/>\n<meta property=\"og:url\" content=\"https:\/\/tinatoni.ch\/it\/svolgimento\/\" \/>\n<meta property=\"og:site_name\" content=\"Tina e Toni\" \/>\n<meta property=\"article:publisher\" content=\"https:\/\/www.facebook.com\/AddictionSuisse\" \/>\n<meta property=\"article:modified_time\" content=\"2021-12-16T12:06:57+00:00\" \/>\n<meta name=\"twitter:card\" content=\"summary_large_image\" \/>\n<meta name=\"twitter:site\" content=\"@AddictionSuisse\" \/>\n<meta name=\"twitter:label1\" content=\"Tempo di lettura stimato\" \/>\n\t<meta name=\"twitter:data1\" content=\"7 minuti\" \/>\n<script type=\"application\/ld+json\" class=\"yoast-schema-graph\">{\"@context\":\"https:\/\/schema.org\",\"@graph\":[{\"@type\":\"WebPage\",\"@id\":\"https:\/\/tinatoni.ch\/it\/svolgimento\/\",\"url\":\"https:\/\/tinatoni.ch\/it\/svolgimento\/\",\"name\":\"Come si svolge un\u2019animazione - Tina e Toni\",\"isPartOf\":{\"@id\":\"https:\/\/tinatoni.ch\/#website\"},\"datePublished\":\"2021-12-03T09:24:48+00:00\",\"dateModified\":\"2021-12-16T12:06:57+00:00\",\"inLanguage\":\"it-IT\",\"potentialAction\":[{\"@type\":\"ReadAction\",\"target\":[\"https:\/\/tinatoni.ch\/it\/svolgimento\/\"]}]},{\"@type\":\"WebSite\",\"@id\":\"https:\/\/tinatoni.ch\/#website\",\"url\":\"https:\/\/tinatoni.ch\/\",\"name\":\"Tina et Toni\",\"description\":\"Un programma di prevenzione globale per bambini dai 4 ai 6 anni\",\"publisher\":{\"@id\":\"https:\/\/tinatoni.ch\/#organization\"},\"potentialAction\":[{\"@type\":\"SearchAction\",\"target\":{\"@type\":\"EntryPoint\",\"urlTemplate\":\"https:\/\/tinatoni.ch\/?s={search_term_string}\"},\"query-input\":{\"@type\":\"PropertyValueSpecification\",\"valueRequired\":true,\"valueName\":\"search_term_string\"}}],\"inLanguage\":\"it-IT\"},{\"@type\":\"Organization\",\"@id\":\"https:\/\/tinatoni.ch\/#organization\",\"name\":\"Tina et Toni\",\"url\":\"https:\/\/tinatoni.ch\/\",\"logo\":{\"@type\":\"ImageObject\",\"inLanguage\":\"it-IT\",\"@id\":\"https:\/\/tinatoni.ch\/#\/schema\/logo\/image\/\",\"url\":\"https:\/\/tinatoni.ch\/wp-content\/uploads\/2021\/10\/TT_entete.svg\",\"contentUrl\":\"https:\/\/tinatoni.ch\/wp-content\/uploads\/2021\/10\/TT_entete.svg\",\"width\":\"1024\",\"height\":\"1024\",\"caption\":\"Tina et Toni\"},\"image\":{\"@id\":\"https:\/\/tinatoni.ch\/#\/schema\/logo\/image\/\"},\"sameAs\":[\"https:\/\/www.facebook.com\/AddictionSuisse\",\"https:\/\/x.com\/AddictionSuisse\",\"https:\/\/www.linkedin.com\/company\/addiction-suisse\/\",\"https:\/\/www.instagram.com\/addictionsuisse\/\",\"https:\/\/www.youtube.com\/@Addiction_Suisse\"]}]}<\/script>\n<!-- \/ Yoast SEO plugin. -->","yoast_head_json":{"title":"Come si svolge un\u2019animazione - Tina e Toni","robots":{"index":"index","follow":"follow","max-snippet":"max-snippet:-1","max-image-preview":"max-image-preview:large","max-video-preview":"max-video-preview:-1"},"canonical":"https:\/\/tinatoni.ch\/it\/svolgimento\/","og_locale":"it_IT","og_type":"article","og_title":"Come si svolge un\u2019animazione - Tina e Toni","og_description":"Come si svolge un\u2019animazione Come usare il programma Tina e Toni Si tratta di un programma di prevenzione che prevede lo svolgimento di attivit\u00e0 settimanali della durata di 20-30 minuti l\u2019una. Durante il percorso, i bambini hanno la possibilit\u00e0 di conoscersi, d\u2019imparare a fidarsi gli uni degli altri e di rafforzare gradualmente le diverse competenze [&hellip;]","og_url":"https:\/\/tinatoni.ch\/it\/svolgimento\/","og_site_name":"Tina e Toni","article_publisher":"https:\/\/www.facebook.com\/AddictionSuisse","article_modified_time":"2021-12-16T12:06:57+00:00","twitter_card":"summary_large_image","twitter_site":"@AddictionSuisse","twitter_misc":{"Tempo di lettura stimato":"7 minuti"},"schema":{"@context":"https:\/\/schema.org","@graph":[{"@type":"WebPage","@id":"https:\/\/tinatoni.ch\/it\/svolgimento\/","url":"https:\/\/tinatoni.ch\/it\/svolgimento\/","name":"Come si svolge un\u2019animazione - Tina e Toni","isPartOf":{"@id":"https:\/\/tinatoni.ch\/#website"},"datePublished":"2021-12-03T09:24:48+00:00","dateModified":"2021-12-16T12:06:57+00:00","inLanguage":"it-IT","potentialAction":[{"@type":"ReadAction","target":["https:\/\/tinatoni.ch\/it\/svolgimento\/"]}]},{"@type":"WebSite","@id":"https:\/\/tinatoni.ch\/#website","url":"https:\/\/tinatoni.ch\/","name":"Tina et Toni","description":"Un programma di prevenzione globale per bambini dai 4 ai 6 anni","publisher":{"@id":"https:\/\/tinatoni.ch\/#organization"},"potentialAction":[{"@type":"SearchAction","target":{"@type":"EntryPoint","urlTemplate":"https:\/\/tinatoni.ch\/?s={search_term_string}"},"query-input":{"@type":"PropertyValueSpecification","valueRequired":true,"valueName":"search_term_string"}}],"inLanguage":"it-IT"},{"@type":"Organization","@id":"https:\/\/tinatoni.ch\/#organization","name":"Tina et Toni","url":"https:\/\/tinatoni.ch\/","logo":{"@type":"ImageObject","inLanguage":"it-IT","@id":"https:\/\/tinatoni.ch\/#\/schema\/logo\/image\/","url":"https:\/\/tinatoni.ch\/wp-content\/uploads\/2021\/10\/TT_entete.svg","contentUrl":"https:\/\/tinatoni.ch\/wp-content\/uploads\/2021\/10\/TT_entete.svg","width":"1024","height":"1024","caption":"Tina et Toni"},"image":{"@id":"https:\/\/tinatoni.ch\/#\/schema\/logo\/image\/"},"sameAs":["https:\/\/www.facebook.com\/AddictionSuisse","https:\/\/x.com\/AddictionSuisse","https:\/\/www.linkedin.com\/company\/addiction-suisse\/","https:\/\/www.instagram.com\/addictionsuisse\/","https:\/\/www.youtube.com\/@Addiction_Suisse"]}]}},"_links":{"self":[{"href":"https:\/\/tinatoni.ch\/it\/wp-json\/wp\/v2\/pages\/2166","targetHints":{"allow":["GET"]}}],"collection":[{"href":"https:\/\/tinatoni.ch\/it\/wp-json\/wp\/v2\/pages"}],"about":[{"href":"https:\/\/tinatoni.ch\/it\/wp-json\/wp\/v2\/types\/page"}],"author":[{"embeddable":true,"href":"https:\/\/tinatoni.ch\/it\/wp-json\/wp\/v2\/users\/1"}],"replies":[{"embeddable":true,"href":"https:\/\/tinatoni.ch\/it\/wp-json\/wp\/v2\/comments?post=2166"}],"version-history":[{"count":4,"href":"https:\/\/tinatoni.ch\/it\/wp-json\/wp\/v2\/pages\/2166\/revisions"}],"predecessor-version":[{"id":2611,"href":"https:\/\/tinatoni.ch\/it\/wp-json\/wp\/v2\/pages\/2166\/revisions\/2611"}],"wp:attachment":[{"href":"https:\/\/tinatoni.ch\/it\/wp-json\/wp\/v2\/media?parent=2166"}],"curies":[{"name":"wp","href":"https:\/\/api.w.org\/{rel}","templated":true}]}}