{"id":882,"date":"2020-07-14T14:16:37","date_gmt":"2020-07-14T12:16:37","guid":{"rendered":"https:\/\/dev.cleverclub.ch\/paedagogische-ziele\/"},"modified":"2024-06-06T13:36:50","modified_gmt":"2024-06-06T11:36:50","slug":"paedagogische-ziele","status":"publish","type":"page","link":"https:\/\/tinatoni.ch\/de\/paedagogische-ziele\/","title":{"rendered":"P\u00e4dagogische Ziele"},"content":{"rendered":"<p>[et_pb_section fb_built=&#8221;1&#8243; custom_padding_last_edited=&#8221;on|phone&#8221; _builder_version=&#8221;4.16&#8243; background_image=&#8221;https:\/\/tinatoni.ch\/wp-content\/uploads\/2021\/11\/TT_sunnyday_large.jpg&#8221; background_position=&#8221;top_right&#8221; custom_margin_tablet=&#8221;||||false|false&#8221; custom_margin_phone=&#8221;&#8221; custom_margin_last_edited=&#8221;on|phone&#8221; custom_padding=&#8221;||0px||false|false&#8221; custom_padding_tablet=&#8221;||||false|false&#8221; custom_padding_phone=&#8221;||||false|false&#8221; background_color_tablet=&#8221;#D4EDFC&#8221; background_last_edited=&#8221;on|phone&#8221; background_enable_color_tablet=&#8221;on&#8221; background_image_tablet=&#8221;https:\/\/tinatoni.ch\/wp-content\/uploads\/2021\/11\/bg_sun.jpg&#8221; background_image_phone=&#8221;https:\/\/tinatoni.ch\/wp-content\/uploads\/2021\/11\/TT_sunnyday_large.jpg&#8221; background_enable_image_tablet=&#8221;on&#8221; background_enable_image_phone=&#8221;on&#8221; background_size_tablet=&#8221;contain&#8221; background_size_phone=&#8221;initial&#8221; background_position_tablet=&#8221;top_right&#8221; global_colors_info=&#8221;{}&#8221; title_text_tablet=&#8221;ballons&#8221; title_text_phone=&#8221;ballons&#8221;][et_pb_row column_structure=&#8221;1_2,1_2&#8243; _builder_version=&#8221;4.16&#8243; global_colors_info=&#8221;{}&#8221;][et_pb_column type=&#8221;1_2&#8243; _builder_version=&#8221;4.16&#8243; global_colors_info=&#8221;{}&#8221;][et_pb_text ul_item_indent=&#8221;40px&#8221; _builder_version=&#8221;4.16&#8243; header_3_line_height=&#8221;1.3em&#8221; custom_margin=&#8221;||||false|false&#8221; hover_enabled=&#8221;0&#8243; global_colors_info=&#8221;{}&#8221; sticky_enabled=&#8221;0&#8243;]<\/p>\n<h1>Ziele des Programms<\/h1>\n<p>Das Programm will bei Kindern im Alter von 4 bis 6 Jahren Kompetenzen st\u00e4rken und f\u00f6rdern, die im t\u00e4glichen Leben wichtig sind. Die Kinder sollen Erfahrungen machen, die sie darin unterst\u00fctzen, selbstst\u00e4ndig zu werden, Freundschaften zu schliessen, Schwierigkeiten und Probleme aus einer guten Distanz zu betrachten, zu lernen, um Hilfe zu bitten etc.<\/p>\n<p>Diese Kompetenzen helfen Kindern auch, sich ihrer F\u00e4higkeiten und Grenzen bewusst zu werden und st\u00e4rken somit auch ihr Selbstwertgef\u00fchl und ihre Handlungsf\u00e4higkeit. Insgesamt tragen die Kompetenzen dazu bei, ein harmonisches Zusammenleben in den Kindertagesst\u00e4tten, zu Hause sowie in den Schulen zu f\u00f6rdern. Angebote in Tagesstrukturen haben ausserdem den Vorteil, besonders auch Kinder zu erreichen, die eher benachteiligt sind.<\/p>\n<p>[\/et_pb_text][\/et_pb_column][et_pb_column type=&#8221;1_2&#8243; _builder_version=&#8221;4.16&#8243; global_colors_info=&#8221;{}&#8221;][et_pb_text ul_item_indent=&#8221;40px&#8221; ul_item_indent_tablet=&#8221;40px&#8221; ul_item_indent_phone=&#8221;20px&#8221; ul_item_indent_last_edited=&#8221;on|phone&#8221; _builder_version=&#8221;4.23&#8243; header_3_line_height=&#8221;1.3em&#8221; custom_margin=&#8221;||||false|false&#8221; hover_enabled=&#8221;0&#8243; global_colors_info=&#8221;{}&#8221; sticky_enabled=&#8221;0&#8243; header_2_line_height=&#8221;1.3em&#8221;]<\/p>\n<h2>Verbindungen zu Zielen im Lehrplan 21 (Zyklus 1):<\/h2>\n<ul>\n<li>NMG. 1.1 sich und andere wahrnehmen und beschreiben<\/li>\n<li>NMG.1.2 Mitverantwortung f\u00fcr Gesundheit und Wohlbefinden \u00fcbernehmen und sich vor Gefahren sch\u00fctzen<\/li>\n<li>NMG.1.6 Geschlecht und Rollen reflektieren<\/li>\n<li>NMG.10.1 auf andere eingehen und Gemeinschaft mitgestalten<\/li>\n<li>NMG.10.2 Freundschaft und Beziehungen pflegen und reflektieren<\/li>\n<li>NMG.11.1 menschliche Grunderfahrungen beschreiben und reflektieren<\/li>\n<li>NMG.11.2 philosophische Fragen stellen und \u00fcber sie nachdenken<\/li>\n<li>NMG.11.3 Werte und Normen erl\u00e4utern, pr\u00fcfen und vertreten<\/li>\n<li>NMG.11.4 Situationen und Handlungen hinterfragen, ethisch beurteilen und Standpunkte begr\u00fcndet vertreten<\/li>\n<li>D1.B1. wichtige Informationen aus H\u00f6rtexten entnehmen<\/li>\n<li>D1.C1 Gespr\u00e4chen folgen und ihre Aufmerksamkeit zeigen<\/li>\n<li>D3.C1. sich aktiv an einem Dialog beteiligen<\/li>\n<\/ul>\n<p>[\/et_pb_text][\/et_pb_column][\/et_pb_row][et_pb_row column_structure=&#8221;1_2,1_2&#8243; _builder_version=&#8221;4.16&#8243; global_colors_info=&#8221;{}&#8221;][et_pb_column type=&#8221;1_2&#8243; _builder_version=&#8221;4.16&#8243; global_colors_info=&#8221;{}&#8221;][et_pb_text ul_item_indent=&#8221;40px&#8221; _builder_version=&#8221;4.16&#8243; header_3_line_height=&#8221;1.3em&#8221; custom_margin=&#8221;||||false|false&#8221; hover_enabled=&#8221;0&#8243; global_colors_info=&#8221;{}&#8221; sticky_enabled=&#8221;0&#8243;]<\/p>\n<h2>Pr\u00e4vention in j\u00fcngsten Jahren<\/h2>\n<p>Bei einer umfassenden Pr\u00e4vention geht es darum, Kompetenzen von klein auf zu f\u00f6rdern. Die Eltern spielen selbstverst\u00e4ndlich eine wesentliche Rolle in der Pr\u00e4vention. Sie umgeben die Kinder mit F\u00fcrsorge und Zuneigung, begleiten sie dabei, selbstst\u00e4ndig zu werden und sind ihnen ein Vorbild. Aber nicht alle Eltern verf\u00fcgen \u00fcber die gleichen Ressourcen.<\/p>\n<p>In den Tagesstrukturen dient das vorliegende Pr\u00e4ventionsprogramm der F\u00f6rderung von sozialen und emotionalen Kompetenzen der Kinder, dem Aufbau ihrer Identit\u00e4t und ihrer F\u00e4higkeit, Konflikte auszutragen. Es soll ihnen helfen, ihre Gef\u00fchle auszudr\u00fccken, ihre Meinung mitzuteilen etc. Tina und Toni gibt den Kindern Gelegenheit, eine kritische Sichtweise zu entwickeln und ermutigt sie in kleinen Schritten dazu, positive Entscheidungen f\u00fcr ihre Gesundheit und ihr Wohlbefinden zu treffen.<\/p>\n<p>[\/et_pb_text][\/et_pb_column][et_pb_column type=&#8221;1_2&#8243; _builder_version=&#8221;4.16&#8243; global_colors_info=&#8221;{}&#8221;][et_pb_text ul_item_indent=&#8221;40px&#8221; _builder_version=&#8221;4.16&#8243; header_3_line_height=&#8221;1.3em&#8221; custom_margin=&#8221;||||false|false&#8221; global_colors_info=&#8221;{}&#8221;]<\/p>\n<h2>\u00a0<\/h2>\n<p>Das Programm will Pr\u00e4vention betreiben, die begeistert und motiviert anstatt restriktiv oder<br \/>\nabschreckend zu wirken. Die Kompetenzen, die in diesem Programm gef\u00f6rdert werden,<br \/>\nk\u00f6nnen als Schutzfaktoren verstanden werden, die es den Kindern im Jugendalter erleichtern<br \/>\nwerden, auch mit problematischen Situationen umzugehen und beispielsweise risikoreichem<br \/>\nSubstanzkonsum und anderem Risikoverhalten zu widerstehen.\n<\/p>\n<p>[\/et_pb_text][et_pb_button button_url=&#8221;@ET-DC@eyJkeW5hbWljIjp0cnVlLCJjb250ZW50IjoicG9zdF9saW5rX3VybF9wYWdlIiwic2V0dGluZ3MiOnsicG9zdF9pZCI6IjE5MCJ9fQ==@&#8221; button_text=&#8221;Ablauf einer Tina und Toni Einheit&#8221; button_alignment=&#8221;left&#8221; _builder_version=&#8221;4.16&#8243; _dynamic_attributes=&#8221;button_url&#8221; custom_button=&#8221;on&#8221; button_text_size=&#8221;15px&#8221; button_text_color=&#8221;#FFFFFF&#8221; button_bg_color=&#8221;rgba(0,160,226,0.7)&#8221; button_border_width=&#8221;0px&#8221; button_border_color=&#8221;#FFFFFF&#8221; button_border_radius=&#8221;7px&#8221; button_font=&#8221;|700|||||||&#8221; button_icon=&#8221;&#xe0f5;||divi||400&#8243; button_icon_placement=&#8221;left&#8221; button_on_hover=&#8221;off&#8221; custom_margin=&#8221;||15px||false|false&#8221; custom_padding=&#8221;|16px||35px|false|false&#8221; button_bg_color_last_edited=&#8221;off|desktop&#8221; global_colors_info=&#8221;{}&#8221; button_bg_color__hover_enabled=&#8221;on|desktop&#8221; button_bg_color__hover=&#8221;rgba(212,237,252,0.25)&#8221; button_bg_enable_color__hover=&#8221;on&#8221; button_text_size__hover_enabled=&#8221;on|hover&#8221; button_border_color__hover_enabled=&#8221;on|desktop&#8221; button_border_color__hover=&#8221;RGBA(0,0,0,0)&#8221; button_text_color__hover_enabled=&#8221;on|hover&#8221; button_text_color__hover=&#8221;#00A0E2&#8243; button_text_size__hover=&#8221;15px&#8221;][\/et_pb_button][\/et_pb_column][\/et_pb_row][\/et_pb_section]<\/p>\n","protected":false},"excerpt":{"rendered":"<p>Ziele des Programms Das Programm will bei Kindern im Alter von 4 bis 6 Jahren Kompetenzen st\u00e4rken und f\u00f6rdern, die im t\u00e4glichen Leben wichtig sind. Die Kinder sollen Erfahrungen machen, die sie darin unterst\u00fctzen, selbstst\u00e4ndig zu werden, Freundschaften zu schliessen, Schwierigkeiten und Probleme aus einer guten Distanz zu betrachten, zu lernen, um Hilfe zu bitten [&hellip;]<\/p>\n","protected":false},"author":1,"featured_media":0,"parent":0,"menu_order":0,"comment_status":"closed","ping_status":"closed","template":"","meta":{"_acf_changed":false,"_et_pb_use_builder":"on","_et_pb_old_content":"","_et_gb_content_width":"","inline_featured_image":false,"footnotes":""},"class_list":["post-882","page","type-page","status-publish","hentry"],"acf":[],"yoast_head":"<!-- This site is optimized with the Yoast SEO plugin v27.2 - https:\/\/yoast.com\/product\/yoast-seo-wordpress\/ -->\n<title>P\u00e4dagogische Ziele - Tina und Toni<\/title>\n<meta name=\"description\" content=\"Das Programm will bei Kindern im Alter von 4 bis 6 Jahren Kompetenzen st\u00e4rken und f\u00f6rdern, die im t\u00e4glichen Leben wichtig sind.\" \/>\n<meta name=\"robots\" content=\"index, follow, max-snippet:-1, max-image-preview:large, max-video-preview:-1\" \/>\n<link rel=\"canonical\" href=\"https:\/\/tinatoni.ch\/objectifs-pedagogiques\/\" \/>\n<meta property=\"og:locale\" content=\"de_DE\" \/>\n<meta property=\"og:type\" content=\"article\" \/>\n<meta property=\"og:title\" content=\"P\u00e4dagogische Ziele - Tina und Toni\" \/>\n<meta property=\"og:description\" content=\"Das Programm will bei Kindern im Alter von 4 bis 6 Jahren Kompetenzen st\u00e4rken und f\u00f6rdern, die im t\u00e4glichen Leben wichtig sind.\" \/>\n<meta property=\"og:url\" content=\"https:\/\/tinatoni.ch\/objectifs-pedagogiques\/\" \/>\n<meta property=\"og:site_name\" content=\"Tina und Toni\" \/>\n<meta property=\"article:publisher\" content=\"https:\/\/www.facebook.com\/AddictionSuisse\" \/>\n<meta property=\"article:modified_time\" content=\"2024-06-06T11:36:50+00:00\" \/>\n<meta name=\"twitter:card\" content=\"summary_large_image\" \/>\n<meta name=\"twitter:site\" content=\"@AddictionSuisse\" \/>\n<meta name=\"twitter:label1\" content=\"Gesch\u00e4tzte Lesezeit\" \/>\n\t<meta name=\"twitter:data1\" content=\"5\u00a0Minuten\" \/>\n<script type=\"application\/ld+json\" class=\"yoast-schema-graph\">{\"@context\":\"https:\/\/schema.org\",\"@graph\":[{\"@type\":\"WebPage\",\"@id\":\"https:\/\/tinatoni.ch\/objectifs-pedagogiques\/\",\"url\":\"https:\/\/tinatoni.ch\/objectifs-pedagogiques\/\",\"name\":\"P\u00e4dagogische Ziele - Tina und Toni\",\"isPartOf\":{\"@id\":\"https:\/\/tinatoni.ch\/#website\"},\"datePublished\":\"2020-07-14T12:16:37+00:00\",\"dateModified\":\"2024-06-06T11:36:50+00:00\",\"description\":\"Das Programm will bei Kindern im Alter von 4 bis 6 Jahren Kompetenzen st\u00e4rken und f\u00f6rdern, die im t\u00e4glichen Leben wichtig sind.\",\"inLanguage\":\"de\",\"potentialAction\":[{\"@type\":\"ReadAction\",\"target\":[\"https:\/\/tinatoni.ch\/objectifs-pedagogiques\/\"]}]},{\"@type\":\"WebSite\",\"@id\":\"https:\/\/tinatoni.ch\/#website\",\"url\":\"https:\/\/tinatoni.ch\/\",\"name\":\"Tina et Toni\",\"description\":\"Ein umfassendes Pr\u00e4ventionsprogramm f\u00fcr Kinder zwischen 4 und 6 Jahren\",\"publisher\":{\"@id\":\"https:\/\/tinatoni.ch\/#organization\"},\"potentialAction\":[{\"@type\":\"SearchAction\",\"target\":{\"@type\":\"EntryPoint\",\"urlTemplate\":\"https:\/\/tinatoni.ch\/?s={search_term_string}\"},\"query-input\":{\"@type\":\"PropertyValueSpecification\",\"valueRequired\":true,\"valueName\":\"search_term_string\"}}],\"inLanguage\":\"de\"},{\"@type\":\"Organization\",\"@id\":\"https:\/\/tinatoni.ch\/#organization\",\"name\":\"Tina et Toni\",\"url\":\"https:\/\/tinatoni.ch\/\",\"logo\":{\"@type\":\"ImageObject\",\"inLanguage\":\"de\",\"@id\":\"https:\/\/tinatoni.ch\/#\/schema\/logo\/image\/\",\"url\":\"https:\/\/tinatoni.ch\/wp-content\/uploads\/2021\/10\/TT_entete.svg\",\"contentUrl\":\"https:\/\/tinatoni.ch\/wp-content\/uploads\/2021\/10\/TT_entete.svg\",\"width\":\"1024\",\"height\":\"1024\",\"caption\":\"Tina et Toni\"},\"image\":{\"@id\":\"https:\/\/tinatoni.ch\/#\/schema\/logo\/image\/\"},\"sameAs\":[\"https:\/\/www.facebook.com\/AddictionSuisse\",\"https:\/\/x.com\/AddictionSuisse\",\"https:\/\/www.linkedin.com\/company\/addiction-suisse\/\",\"https:\/\/www.instagram.com\/addictionsuisse\/\",\"https:\/\/www.youtube.com\/@Addiction_Suisse\"]}]}<\/script>\n<!-- \/ Yoast SEO plugin. -->","yoast_head_json":{"title":"P\u00e4dagogische Ziele - Tina und Toni","description":"Das Programm will bei Kindern im Alter von 4 bis 6 Jahren Kompetenzen st\u00e4rken und f\u00f6rdern, die im t\u00e4glichen Leben wichtig sind.","robots":{"index":"index","follow":"follow","max-snippet":"max-snippet:-1","max-image-preview":"max-image-preview:large","max-video-preview":"max-video-preview:-1"},"canonical":"https:\/\/tinatoni.ch\/objectifs-pedagogiques\/","og_locale":"de_DE","og_type":"article","og_title":"P\u00e4dagogische Ziele - Tina und Toni","og_description":"Das Programm will bei Kindern im Alter von 4 bis 6 Jahren Kompetenzen st\u00e4rken und f\u00f6rdern, die im t\u00e4glichen Leben wichtig sind.","og_url":"https:\/\/tinatoni.ch\/objectifs-pedagogiques\/","og_site_name":"Tina und Toni","article_publisher":"https:\/\/www.facebook.com\/AddictionSuisse","article_modified_time":"2024-06-06T11:36:50+00:00","twitter_card":"summary_large_image","twitter_site":"@AddictionSuisse","twitter_misc":{"Gesch\u00e4tzte Lesezeit":"5\u00a0Minuten"},"schema":{"@context":"https:\/\/schema.org","@graph":[{"@type":"WebPage","@id":"https:\/\/tinatoni.ch\/objectifs-pedagogiques\/","url":"https:\/\/tinatoni.ch\/objectifs-pedagogiques\/","name":"P\u00e4dagogische Ziele - Tina und Toni","isPartOf":{"@id":"https:\/\/tinatoni.ch\/#website"},"datePublished":"2020-07-14T12:16:37+00:00","dateModified":"2024-06-06T11:36:50+00:00","description":"Das Programm will bei Kindern im Alter von 4 bis 6 Jahren Kompetenzen st\u00e4rken und f\u00f6rdern, die im t\u00e4glichen Leben wichtig sind.","inLanguage":"de","potentialAction":[{"@type":"ReadAction","target":["https:\/\/tinatoni.ch\/objectifs-pedagogiques\/"]}]},{"@type":"WebSite","@id":"https:\/\/tinatoni.ch\/#website","url":"https:\/\/tinatoni.ch\/","name":"Tina et Toni","description":"Ein umfassendes Pr\u00e4ventionsprogramm f\u00fcr Kinder zwischen 4 und 6 Jahren","publisher":{"@id":"https:\/\/tinatoni.ch\/#organization"},"potentialAction":[{"@type":"SearchAction","target":{"@type":"EntryPoint","urlTemplate":"https:\/\/tinatoni.ch\/?s={search_term_string}"},"query-input":{"@type":"PropertyValueSpecification","valueRequired":true,"valueName":"search_term_string"}}],"inLanguage":"de"},{"@type":"Organization","@id":"https:\/\/tinatoni.ch\/#organization","name":"Tina et Toni","url":"https:\/\/tinatoni.ch\/","logo":{"@type":"ImageObject","inLanguage":"de","@id":"https:\/\/tinatoni.ch\/#\/schema\/logo\/image\/","url":"https:\/\/tinatoni.ch\/wp-content\/uploads\/2021\/10\/TT_entete.svg","contentUrl":"https:\/\/tinatoni.ch\/wp-content\/uploads\/2021\/10\/TT_entete.svg","width":"1024","height":"1024","caption":"Tina et Toni"},"image":{"@id":"https:\/\/tinatoni.ch\/#\/schema\/logo\/image\/"},"sameAs":["https:\/\/www.facebook.com\/AddictionSuisse","https:\/\/x.com\/AddictionSuisse","https:\/\/www.linkedin.com\/company\/addiction-suisse\/","https:\/\/www.instagram.com\/addictionsuisse\/","https:\/\/www.youtube.com\/@Addiction_Suisse"]}]}},"_links":{"self":[{"href":"https:\/\/tinatoni.ch\/de\/wp-json\/wp\/v2\/pages\/882","targetHints":{"allow":["GET"]}}],"collection":[{"href":"https:\/\/tinatoni.ch\/de\/wp-json\/wp\/v2\/pages"}],"about":[{"href":"https:\/\/tinatoni.ch\/de\/wp-json\/wp\/v2\/types\/page"}],"author":[{"embeddable":true,"href":"https:\/\/tinatoni.ch\/de\/wp-json\/wp\/v2\/users\/1"}],"replies":[{"embeddable":true,"href":"https:\/\/tinatoni.ch\/de\/wp-json\/wp\/v2\/comments?post=882"}],"version-history":[{"count":19,"href":"https:\/\/tinatoni.ch\/de\/wp-json\/wp\/v2\/pages\/882\/revisions"}],"predecessor-version":[{"id":4016,"href":"https:\/\/tinatoni.ch\/de\/wp-json\/wp\/v2\/pages\/882\/revisions\/4016"}],"wp:attachment":[{"href":"https:\/\/tinatoni.ch\/de\/wp-json\/wp\/v2\/media?parent=882"}],"curies":[{"name":"wp","href":"https:\/\/api.w.org\/{rel}","templated":true}]}}