{"id":3855,"date":"2023-12-18T10:16:32","date_gmt":"2023-12-18T09:16:32","guid":{"rendered":"https:\/\/tinatoni.ch\/?page_id=3855"},"modified":"2025-12-22T12:32:37","modified_gmt":"2025-12-22T11:32:37","slug":"die-veranstaltungen-rund-um-tina-und-toni","status":"publish","type":"page","link":"https:\/\/tinatoni.ch\/de\/die-veranstaltungen-rund-um-tina-und-toni\/","title":{"rendered":"Die Veranstaltungen rund um Tina und Toni"},"content":{"rendered":"<p>[et_pb_section fb_built=&#8221;1&#8243; custom_padding_last_edited=&#8221;on|phone&#8221; _builder_version=&#8221;4.16&#8243; background_image=&#8221;https:\/\/tinatoni.ch\/wp-content\/uploads\/2021\/11\/TT_sunnyday_large.jpg&#8221; background_position=&#8221;top_right&#8221; custom_margin=&#8221;||||false|false&#8221; custom_padding=&#8221;35px||10px||false|false&#8221; custom_padding_tablet=&#8221;35px||0px||false|false&#8221; custom_padding_phone=&#8221;||0px||false|false&#8221; background_color_tablet=&#8221;#D4EDFC&#8221; background_last_edited=&#8221;on|tablet&#8221; background_enable_color_tablet=&#8221;on&#8221; background_image_tablet=&#8221;https:\/\/tinatoni.ch\/wp-content\/uploads\/2021\/11\/bg_sun.jpg&#8221; background_image_phone=&#8221;https:\/\/tinatoni.ch\/wp-content\/uploads\/2021\/11\/bg_sun.jpg&#8221; background_enable_image_tablet=&#8221;on&#8221; background_enable_image_phone=&#8221;on&#8221; background_size_tablet=&#8221;initial&#8221; background_size_phone=&#8221;initial&#8221; background_position_tablet=&#8221;top_right&#8221; global_colors_info=&#8221;{}&#8221; title_text_tablet=&#8221;faces&#8221; title_text_phone=&#8221;faces&#8221;][et_pb_row column_structure=&#8221;3_5,2_5&#8243; _builder_version=&#8221;4.16&#8243; custom_margin_tablet=&#8221;&#8221; custom_margin_phone=&#8221;||||false|false&#8221; custom_margin_last_edited=&#8221;on|phone&#8221; custom_padding=&#8221;||0px||false|false&#8221; global_colors_info=&#8221;{}&#8221;][et_pb_column type=&#8221;3_5&#8243; _builder_version=&#8221;4.16&#8243; global_colors_info=&#8221;{}&#8221;][et_pb_text ul_item_indent=&#8221;40px&#8221; ul_item_indent_tablet=&#8221;20px&#8221; ul_item_indent_phone=&#8221;20px&#8221; ul_item_indent_last_edited=&#8221;on|phone&#8221; _builder_version=&#8221;4.27.4&#8243; custom_margin=&#8221;|-50px|30px||false|false&#8221; custom_margin_tablet=&#8221;&#8221; custom_margin_phone=&#8221;|-10px|||false|false&#8221; custom_margin_last_edited=&#8221;on|phone&#8221; custom_padding=&#8221;||||false|false&#8221; global_colors_info=&#8221;{}&#8221;]<\/p>\n<h1>Die Veranstaltungen rund um Tina und Toni<\/h1>\n<p><\/p>\n<p>Melden Sie uns Ihre Aktivit\u00e4ten rund um Tina und Toni!<br \/>Die Promotion des Programms im Tessin wird von Radix Svizzera italiana, unserem Partner f\u00fcr dieses Projekt, \u00fcbernommen.<\/p>\n<p><\/p>\n<p>&nbsp;<\/p>\n<p><\/p>\n<h2>Jahr 2025<\/h2>\n<p><\/p>\n<ul>\n<li>20. Januar: Kanton Freiburg, Webinar Tina und Toni (F)<\/li>\n<li>03. Februar: Kanton Neuenburg, Austauschplattform Tina und Toni (F)<\/li>\n<li>31. M\u00e4rz: Kanton Neuenburg, Weiterbildung Tina und Toni+ (F)<\/li>\n<li>02. April: Kanton Z\u00fcrich, Webinar Tina und Toni<\/li>\n<li>12. Mai: Kanton Neuenburg, Austauschplattform Tina und Toni (F)<\/li>\n<li>22. Oktober: Kanton Z\u00fcrich, Webinar Tina und Toni<\/li>\n<\/ul>\n<p><\/p>\n<p>&nbsp;<\/p>\n<p><\/p>\n<h2>Jahr 2024<\/h2>\n<p><\/p>\n<ul>\n<li>26. Januar: Pr\u00e4sentation von Tina und Toni und Austausch mit Papperla PEP<\/li>\n<li>12. M\u00e4rz: Kanton Thurgau, Webinar Tina und Toni<\/li>\n<li>18. M\u00e4rz: Kanton Neuenburg, Weiterbildung Tina et Toni+ (F)<\/li>\n<li>10. April: Kanton Z\u00fcrich, Webinar Tina und Toni<\/li>\n<li>29. April: Kanton Freiburg, Webinar Tina und Toni (F)<\/li>\n<li>22. Mai: Kanton Jura, Austauschplattform Tina und Toni (F)<\/li>\n<li>26. September, Kanton Tessin: Promotion von Tina und Toni am Jahrestag des Rete delle scuole21 in Lugano (I)<\/li>\n<li>02. Oktober: Kanton Z\u00fcrich, Webinar Tina und Toni<\/li>\n<li>02. Oktober: Kanton Jura, Pr\u00e4sentation von Tina und Toni (F)<\/li>\n<li>19. Oktober, Kanton Tessin: Informationsstand auf dem 17. Giornata per l\u2019educazione allo sviluppo sostenibile (ESS) in Locarno (I)<\/li>\n<li>14. Oktober: Kanton Luzern, Webinar Tina und Toni<\/li>\n<li>04. November: Kanton Neuenburg, Pr\u00e4sentation von Tina und Toni (F)<\/li>\n<\/ul>\n<p>[\/et_pb_text][\/et_pb_column][et_pb_column type=&#8221;2_5&#8243; _builder_version=&#8221;4.16&#8243; global_colors_info=&#8221;{}&#8221;][\/et_pb_column][\/et_pb_row][\/et_pb_section][et_pb_section fb_built=&#8221;1&#8243; _builder_version=&#8221;4.16&#8243; custom_padding=&#8221;0px||||false|false&#8221; global_colors_info=&#8221;{}&#8221;][et_pb_row column_structure=&#8221;3_4,1_4&#8243; _builder_version=&#8221;4.16&#8243; custom_padding=&#8221;45px||25px||false|false&#8221; global_colors_info=&#8221;{}&#8221;][et_pb_column type=&#8221;3_4&#8243; _builder_version=&#8221;4.16&#8243; global_colors_info=&#8221;{}&#8221;][\/et_pb_column][et_pb_column type=&#8221;1_4&#8243; _builder_version=&#8221;4.16&#8243; global_colors_info=&#8221;{}&#8221;][\/et_pb_column][\/et_pb_row][\/et_pb_section]<\/p>\n","protected":false},"excerpt":{"rendered":"<p>Die Veranstaltungen rund um Tina und ToniMelden Sie uns Ihre Aktivit\u00e4ten rund um Tina und Toni!Die Promotion des Programms im Tessin wird von Radix Svizzera italiana, unserem Partner f\u00fcr dieses Projekt, \u00fcbernommen.&nbsp;Jahr 2025 20. Januar: Kanton Freiburg, Webinar Tina und Toni (F) 03. Februar: Kanton Neuenburg, Austauschplattform Tina und Toni (F) 31. M\u00e4rz: Kanton Neuenburg, [&hellip;]<\/p>\n","protected":false},"author":1,"featured_media":0,"parent":0,"menu_order":0,"comment_status":"closed","ping_status":"closed","template":"","meta":{"_acf_changed":false,"_et_pb_use_builder":"on","_et_pb_old_content":"","_et_gb_content_width":"","inline_featured_image":false,"footnotes":""},"class_list":["post-3855","page","type-page","status-publish","hentry"],"acf":[],"yoast_head":"<!-- This site is optimized with the Yoast SEO plugin v27.2 - https:\/\/yoast.com\/product\/yoast-seo-wordpress\/ -->\n<title>Die Veranstaltungen rund um Tina und Toni - Tina und Toni<\/title>\n<meta name=\"robots\" content=\"index, follow, max-snippet:-1, max-image-preview:large, max-video-preview:-1\" \/>\n<link rel=\"canonical\" href=\"https:\/\/tinatoni.ch\/les-evenements-autour-du-programme\/\" \/>\n<meta property=\"og:locale\" content=\"de_DE\" \/>\n<meta property=\"og:type\" content=\"article\" \/>\n<meta property=\"og:title\" content=\"Die Veranstaltungen rund um Tina und Toni - Tina und Toni\" \/>\n<meta property=\"og:description\" content=\"Die Veranstaltungen rund um Tina und ToniMelden Sie uns Ihre Aktivit\u00e4ten rund um Tina und Toni!Die Promotion des Programms im Tessin wird von Radix Svizzera italiana, unserem Partner f\u00fcr dieses Projekt, \u00fcbernommen.&nbsp;Jahr 2025 20. Januar: Kanton Freiburg, Webinar Tina und Toni (F) 03. Februar: Kanton Neuenburg, Austauschplattform Tina und Toni (F) 31. M\u00e4rz: Kanton Neuenburg, [&hellip;]\" \/>\n<meta property=\"og:url\" content=\"https:\/\/tinatoni.ch\/les-evenements-autour-du-programme\/\" \/>\n<meta property=\"og:site_name\" content=\"Tina und Toni\" \/>\n<meta property=\"article:publisher\" content=\"https:\/\/www.facebook.com\/AddictionSuisse\" \/>\n<meta property=\"article:modified_time\" content=\"2025-12-22T11:32:37+00:00\" \/>\n<meta name=\"twitter:card\" content=\"summary_large_image\" \/>\n<meta name=\"twitter:site\" content=\"@AddictionSuisse\" \/>\n<meta name=\"twitter:label1\" content=\"Gesch\u00e4tzte Lesezeit\" \/>\n\t<meta name=\"twitter:data1\" content=\"3\u00a0Minuten\" \/>\n<script type=\"application\/ld+json\" class=\"yoast-schema-graph\">{\"@context\":\"https:\/\/schema.org\",\"@graph\":[{\"@type\":\"WebPage\",\"@id\":\"https:\/\/tinatoni.ch\/les-evenements-autour-du-programme\/\",\"url\":\"https:\/\/tinatoni.ch\/les-evenements-autour-du-programme\/\",\"name\":\"Die Veranstaltungen rund um Tina und Toni - Tina und Toni\",\"isPartOf\":{\"@id\":\"https:\/\/tinatoni.ch\/#website\"},\"datePublished\":\"2023-12-18T09:16:32+00:00\",\"dateModified\":\"2025-12-22T11:32:37+00:00\",\"inLanguage\":\"de\",\"potentialAction\":[{\"@type\":\"ReadAction\",\"target\":[\"https:\/\/tinatoni.ch\/les-evenements-autour-du-programme\/\"]}]},{\"@type\":\"WebSite\",\"@id\":\"https:\/\/tinatoni.ch\/#website\",\"url\":\"https:\/\/tinatoni.ch\/\",\"name\":\"Tina et Toni\",\"description\":\"Ein umfassendes Pr\u00e4ventionsprogramm f\u00fcr Kinder zwischen 4 und 6 Jahren\",\"publisher\":{\"@id\":\"https:\/\/tinatoni.ch\/#organization\"},\"potentialAction\":[{\"@type\":\"SearchAction\",\"target\":{\"@type\":\"EntryPoint\",\"urlTemplate\":\"https:\/\/tinatoni.ch\/?s={search_term_string}\"},\"query-input\":{\"@type\":\"PropertyValueSpecification\",\"valueRequired\":true,\"valueName\":\"search_term_string\"}}],\"inLanguage\":\"de\"},{\"@type\":\"Organization\",\"@id\":\"https:\/\/tinatoni.ch\/#organization\",\"name\":\"Tina et Toni\",\"url\":\"https:\/\/tinatoni.ch\/\",\"logo\":{\"@type\":\"ImageObject\",\"inLanguage\":\"de\",\"@id\":\"https:\/\/tinatoni.ch\/#\/schema\/logo\/image\/\",\"url\":\"https:\/\/tinatoni.ch\/wp-content\/uploads\/2021\/10\/TT_entete.svg\",\"contentUrl\":\"https:\/\/tinatoni.ch\/wp-content\/uploads\/2021\/10\/TT_entete.svg\",\"width\":\"1024\",\"height\":\"1024\",\"caption\":\"Tina et Toni\"},\"image\":{\"@id\":\"https:\/\/tinatoni.ch\/#\/schema\/logo\/image\/\"},\"sameAs\":[\"https:\/\/www.facebook.com\/AddictionSuisse\",\"https:\/\/x.com\/AddictionSuisse\",\"https:\/\/www.linkedin.com\/company\/addiction-suisse\/\",\"https:\/\/www.instagram.com\/addictionsuisse\/\",\"https:\/\/www.youtube.com\/@Addiction_Suisse\"]}]}<\/script>\n<!-- \/ Yoast SEO plugin. -->","yoast_head_json":{"title":"Die Veranstaltungen rund um Tina und Toni - Tina und Toni","robots":{"index":"index","follow":"follow","max-snippet":"max-snippet:-1","max-image-preview":"max-image-preview:large","max-video-preview":"max-video-preview:-1"},"canonical":"https:\/\/tinatoni.ch\/les-evenements-autour-du-programme\/","og_locale":"de_DE","og_type":"article","og_title":"Die Veranstaltungen rund um Tina und Toni - Tina und Toni","og_description":"Die Veranstaltungen rund um Tina und ToniMelden Sie uns Ihre Aktivit\u00e4ten rund um Tina und Toni!Die Promotion des Programms im Tessin wird von Radix Svizzera italiana, unserem Partner f\u00fcr dieses Projekt, \u00fcbernommen.&nbsp;Jahr 2025 20. Januar: Kanton Freiburg, Webinar Tina und Toni (F) 03. Februar: Kanton Neuenburg, Austauschplattform Tina und Toni (F) 31. M\u00e4rz: Kanton Neuenburg, [&hellip;]","og_url":"https:\/\/tinatoni.ch\/les-evenements-autour-du-programme\/","og_site_name":"Tina und Toni","article_publisher":"https:\/\/www.facebook.com\/AddictionSuisse","article_modified_time":"2025-12-22T11:32:37+00:00","twitter_card":"summary_large_image","twitter_site":"@AddictionSuisse","twitter_misc":{"Gesch\u00e4tzte Lesezeit":"3\u00a0Minuten"},"schema":{"@context":"https:\/\/schema.org","@graph":[{"@type":"WebPage","@id":"https:\/\/tinatoni.ch\/les-evenements-autour-du-programme\/","url":"https:\/\/tinatoni.ch\/les-evenements-autour-du-programme\/","name":"Die Veranstaltungen rund um Tina und Toni - Tina und Toni","isPartOf":{"@id":"https:\/\/tinatoni.ch\/#website"},"datePublished":"2023-12-18T09:16:32+00:00","dateModified":"2025-12-22T11:32:37+00:00","inLanguage":"de","potentialAction":[{"@type":"ReadAction","target":["https:\/\/tinatoni.ch\/les-evenements-autour-du-programme\/"]}]},{"@type":"WebSite","@id":"https:\/\/tinatoni.ch\/#website","url":"https:\/\/tinatoni.ch\/","name":"Tina et Toni","description":"Ein umfassendes Pr\u00e4ventionsprogramm f\u00fcr Kinder zwischen 4 und 6 Jahren","publisher":{"@id":"https:\/\/tinatoni.ch\/#organization"},"potentialAction":[{"@type":"SearchAction","target":{"@type":"EntryPoint","urlTemplate":"https:\/\/tinatoni.ch\/?s={search_term_string}"},"query-input":{"@type":"PropertyValueSpecification","valueRequired":true,"valueName":"search_term_string"}}],"inLanguage":"de"},{"@type":"Organization","@id":"https:\/\/tinatoni.ch\/#organization","name":"Tina et Toni","url":"https:\/\/tinatoni.ch\/","logo":{"@type":"ImageObject","inLanguage":"de","@id":"https:\/\/tinatoni.ch\/#\/schema\/logo\/image\/","url":"https:\/\/tinatoni.ch\/wp-content\/uploads\/2021\/10\/TT_entete.svg","contentUrl":"https:\/\/tinatoni.ch\/wp-content\/uploads\/2021\/10\/TT_entete.svg","width":"1024","height":"1024","caption":"Tina et Toni"},"image":{"@id":"https:\/\/tinatoni.ch\/#\/schema\/logo\/image\/"},"sameAs":["https:\/\/www.facebook.com\/AddictionSuisse","https:\/\/x.com\/AddictionSuisse","https:\/\/www.linkedin.com\/company\/addiction-suisse\/","https:\/\/www.instagram.com\/addictionsuisse\/","https:\/\/www.youtube.com\/@Addiction_Suisse"]}]}},"_links":{"self":[{"href":"https:\/\/tinatoni.ch\/de\/wp-json\/wp\/v2\/pages\/3855","targetHints":{"allow":["GET"]}}],"collection":[{"href":"https:\/\/tinatoni.ch\/de\/wp-json\/wp\/v2\/pages"}],"about":[{"href":"https:\/\/tinatoni.ch\/de\/wp-json\/wp\/v2\/types\/page"}],"author":[{"embeddable":true,"href":"https:\/\/tinatoni.ch\/de\/wp-json\/wp\/v2\/users\/1"}],"replies":[{"embeddable":true,"href":"https:\/\/tinatoni.ch\/de\/wp-json\/wp\/v2\/comments?post=3855"}],"version-history":[{"count":65,"href":"https:\/\/tinatoni.ch\/de\/wp-json\/wp\/v2\/pages\/3855\/revisions"}],"predecessor-version":[{"id":4888,"href":"https:\/\/tinatoni.ch\/de\/wp-json\/wp\/v2\/pages\/3855\/revisions\/4888"}],"wp:attachment":[{"href":"https:\/\/tinatoni.ch\/de\/wp-json\/wp\/v2\/media?parent=3855"}],"curies":[{"name":"wp","href":"https:\/\/api.w.org\/{rel}","templated":true}]}}