{"id":1400,"date":"2021-12-02T13:51:26","date_gmt":"2021-12-02T12:51:26","guid":{"rendered":"https:\/\/tinatoni.ch\/?page_id=1400"},"modified":"2021-12-02T13:51:28","modified_gmt":"2021-12-02T12:51:28","slug":"impressum","status":"publish","type":"page","link":"https:\/\/tinatoni.ch\/de\/impressum\/","title":{"rendered":"Impressum"},"content":{"rendered":"<p>[et_pb_section fb_built=&#8221;1&#8243; _builder_version=&#8221;4.13.1&#8243; background_image=&#8221;https:\/\/tinatoni.ch\/wp-content\/uploads\/2021\/11\/TT_sunnyday_large.jpg&#8221; background_position=&#8221;top_right&#8221; custom_margin=&#8221;||0px||false|false&#8221; custom_padding=&#8221;35px||0px||false|false&#8221; background_color_tablet=&#8221;#D4EDFC&#8221; background_last_edited=&#8221;on|phone&#8221; background_enable_color_tablet=&#8221;on&#8221; background_image_tablet=&#8221;https:\/\/tinatoni.ch\/wp-content\/uploads\/2021\/11\/bg_sun.jpg&#8221; background_image_phone=&#8221;https:\/\/tinatoni.ch\/wp-content\/uploads\/2021\/11\/bg_sun.jpg&#8221; background_enable_image_tablet=&#8221;on&#8221; background_enable_image_phone=&#8221;on&#8221; background_size_tablet=&#8221;initial&#8221; background_size_phone=&#8221;initial&#8221; global_colors_info=&#8221;{}&#8221; title_text_tablet=&#8221;thumbup&#8221; title_text_phone=&#8221;thumbup&#8221;][et_pb_row column_structure=&#8221;1_5,3_5,1_5&#8243; _builder_version=&#8221;4.4.8&#8243; global_colors_info=&#8221;{}&#8221;][et_pb_column type=&#8221;1_5&#8243; _builder_version=&#8221;4.4.8&#8243; global_colors_info=&#8221;{}&#8221;][\/et_pb_column][et_pb_column type=&#8221;3_5&#8243; _builder_version=&#8221;4.4.8&#8243; global_colors_info=&#8221;{}&#8221;][et_pb_text module_class=&#8221;tble&#8221; _builder_version=&#8221;4.13.1&#8243; link_font=&#8221;||||on||||&#8221; hover_enabled=&#8221;0&#8243; global_colors_info=&#8221;{}&#8221; sticky_enabled=&#8221;0&#8243;]<\/p>\n<h1>Impressum<\/h1>\n<table style=\"width: 100%; border-collapse: collapse; float: left; border: none !important; text-align: left; padding: 0; margin: 0;\" border=\"0\" cellspacing=\"0\" cellpadding=\"0\">\n<tbody>\n<tr>\n<td style=\"width: 42%;\">Herausgeberin der Website<\/td>\n<td style=\"width: 58%;\"><strong>Sucht Schweiz<br \/><\/strong>Av. Louis-Ruchonnet 14<br \/>CH-1003 Lausanne<br \/>T\u00a0 021 321 29 11<br \/><a href=\"https:\/\/www.suchtschweiz.ch\/\" target=\"_blank\" rel=\"noopener\"><strong>www.suchtschweiz.ch<\/strong><\/a><\/td>\n<\/tr>\n<tr>\n<td>Autorinnen<\/td>\n<td><strong>Genevi\u00e8ve Praplan, Rachel Stauffer Babel<\/strong><\/td>\n<\/tr>\n<tr>\n<td>Gestaltung und Illustration<\/td>\n<td><strong>Ga\u00eblle Pecoraro<\/strong><\/td>\n<\/tr>\n<tr>\n<td>Audio Geschichten<\/td>\n<td>1 bis 10: <strong>Audio Works GMBH<\/strong>, Liebefeld-Bern <br \/>11 und 12: <strong>Fabian Chiquet<\/strong>, Bern<\/td>\n<\/tr>\n<tr>\n<td>H\u00f6rspielszenen<\/td>\n<td>1 bis 10: <strong>Calma Kinderbetreuung<\/strong>, Schwarzenburg<br \/>11 und 12: <strong><a href=\"https:\/\/junge-buehne-bern.ch\/\" target=\"_blank\" rel=\"noopener\">Junge B\u00fchne Bern<\/a><\/strong>, unter Leitung von Eva Kirchberg<\/td>\n<\/tr>\n<\/tbody>\n<\/table>\n<p>&nbsp;<\/p>\n<p>[\/et_pb_text][et_pb_text _builder_version=&#8221;4.13.1&#8243; _module_preset=&#8221;default&#8221; hover_enabled=&#8221;0&#8243; global_colors_info=&#8221;{}&#8221; sticky_enabled=&#8221;0&#8243;]<\/p>\n<p><strong>Vielen Dank an alle Fachpersonen, die uns mit Ideen und R\u00fcckmeldungen zu Geschichten und Aktivit\u00e4ten unterst\u00fctzt haben!<\/strong><\/p>\n<p>Die Szenen 7 und 8 behandeln die Themen Ern\u00e4hrung und Bewegung. Sie wurden mit finanzieller Unterst\u00fctzung der Kantone FR, JU, NE, VD und VS realisiert (Kantonale Aktionsprogramme f\u00fcr mehr Bewegung und gesunde Ern\u00e4hrung im Alltag) und mit finanzieller Unterst\u00fctzung der Kantone BE, FR und VS \u00fcbersetzt. Wir danken diesen Kantonen herzlich f\u00fcr ihren wertvollen Beitrag!<\/p>\n<p>Vielen Dank an alle G\u00f6nnerinnen, G\u00f6nner und Stiftungen, ohne deren finanzielle Unterst\u00fctzung es dieses Projekt nicht geben w\u00fcrde!<\/p>\n<p>[\/et_pb_text][\/et_pb_column][et_pb_column type=&#8221;1_5&#8243; _builder_version=&#8221;4.4.8&#8243; global_colors_info=&#8221;{}&#8221;][\/et_pb_column][\/et_pb_row][\/et_pb_section]<\/p>\n","protected":false},"excerpt":{"rendered":"<p>Impressum Herausgeberin der Website Sucht SchweizAv. Louis-Ruchonnet 14CH-1003 LausanneT\u00a0 021 321 29 11www.suchtschweiz.ch Autorinnen Genevi\u00e8ve Praplan, Rachel Stauffer Babel Gestaltung und Illustration Ga\u00eblle Pecoraro Audio Geschichten 1 bis 10: Audio Works GMBH, Liebefeld-Bern 11 und 12: Fabian Chiquet, Bern H\u00f6rspielszenen 1 bis 10: Calma Kinderbetreuung, Schwarzenburg11 und 12: Junge B\u00fchne Bern, unter Leitung von Eva [&hellip;]<\/p>\n","protected":false},"author":1,"featured_media":0,"parent":0,"menu_order":0,"comment_status":"closed","ping_status":"closed","template":"","meta":{"_acf_changed":false,"_et_pb_use_builder":"on","_et_pb_old_content":"","_et_gb_content_width":"","inline_featured_image":false,"footnotes":""},"class_list":["post-1400","page","type-page","status-publish","hentry"],"acf":[],"yoast_head":"<!-- This site is optimized with the Yoast SEO plugin v27.2 - https:\/\/yoast.com\/product\/yoast-seo-wordpress\/ -->\n<title>Impressum - Tina und Toni<\/title>\n<meta name=\"robots\" content=\"index, follow, max-snippet:-1, max-image-preview:large, max-video-preview:-1\" \/>\n<link rel=\"canonical\" href=\"https:\/\/tinatoni.ch\/de\/impressum\/\" \/>\n<meta property=\"og:locale\" content=\"de_DE\" \/>\n<meta property=\"og:type\" content=\"article\" \/>\n<meta property=\"og:title\" content=\"Impressum - Tina und Toni\" \/>\n<meta property=\"og:description\" content=\"Impressum Herausgeberin der Website Sucht SchweizAv. Louis-Ruchonnet 14CH-1003 LausanneT\u00a0 021 321 29 11www.suchtschweiz.ch Autorinnen Genevi\u00e8ve Praplan, Rachel Stauffer Babel Gestaltung und Illustration Ga\u00eblle Pecoraro Audio Geschichten 1 bis 10: Audio Works GMBH, Liebefeld-Bern 11 und 12: Fabian Chiquet, Bern H\u00f6rspielszenen 1 bis 10: Calma Kinderbetreuung, Schwarzenburg11 und 12: Junge B\u00fchne Bern, unter Leitung von Eva [&hellip;]\" \/>\n<meta property=\"og:url\" content=\"https:\/\/tinatoni.ch\/de\/impressum\/\" \/>\n<meta property=\"og:site_name\" content=\"Tina und Toni\" \/>\n<meta property=\"article:publisher\" content=\"https:\/\/www.facebook.com\/AddictionSuisse\" \/>\n<meta property=\"article:modified_time\" content=\"2021-12-02T12:51:28+00:00\" \/>\n<meta name=\"twitter:card\" content=\"summary_large_image\" \/>\n<meta name=\"twitter:site\" content=\"@AddictionSuisse\" \/>\n<meta name=\"twitter:label1\" content=\"Gesch\u00e4tzte Lesezeit\" \/>\n\t<meta name=\"twitter:data1\" content=\"2\u00a0Minuten\" \/>\n<script type=\"application\/ld+json\" class=\"yoast-schema-graph\">{\"@context\":\"https:\/\/schema.org\",\"@graph\":[{\"@type\":\"WebPage\",\"@id\":\"https:\/\/tinatoni.ch\/de\/impressum\/\",\"url\":\"https:\/\/tinatoni.ch\/de\/impressum\/\",\"name\":\"Impressum - Tina und Toni\",\"isPartOf\":{\"@id\":\"https:\/\/tinatoni.ch\/#website\"},\"datePublished\":\"2021-12-02T12:51:26+00:00\",\"dateModified\":\"2021-12-02T12:51:28+00:00\",\"inLanguage\":\"de\",\"potentialAction\":[{\"@type\":\"ReadAction\",\"target\":[\"https:\/\/tinatoni.ch\/de\/impressum\/\"]}]},{\"@type\":\"WebSite\",\"@id\":\"https:\/\/tinatoni.ch\/#website\",\"url\":\"https:\/\/tinatoni.ch\/\",\"name\":\"Tina et Toni\",\"description\":\"Ein umfassendes Pr\u00e4ventionsprogramm f\u00fcr Kinder zwischen 4 und 6 Jahren\",\"publisher\":{\"@id\":\"https:\/\/tinatoni.ch\/#organization\"},\"potentialAction\":[{\"@type\":\"SearchAction\",\"target\":{\"@type\":\"EntryPoint\",\"urlTemplate\":\"https:\/\/tinatoni.ch\/?s={search_term_string}\"},\"query-input\":{\"@type\":\"PropertyValueSpecification\",\"valueRequired\":true,\"valueName\":\"search_term_string\"}}],\"inLanguage\":\"de\"},{\"@type\":\"Organization\",\"@id\":\"https:\/\/tinatoni.ch\/#organization\",\"name\":\"Tina et Toni\",\"url\":\"https:\/\/tinatoni.ch\/\",\"logo\":{\"@type\":\"ImageObject\",\"inLanguage\":\"de\",\"@id\":\"https:\/\/tinatoni.ch\/#\/schema\/logo\/image\/\",\"url\":\"https:\/\/tinatoni.ch\/wp-content\/uploads\/2021\/10\/TT_entete.svg\",\"contentUrl\":\"https:\/\/tinatoni.ch\/wp-content\/uploads\/2021\/10\/TT_entete.svg\",\"width\":\"1024\",\"height\":\"1024\",\"caption\":\"Tina et Toni\"},\"image\":{\"@id\":\"https:\/\/tinatoni.ch\/#\/schema\/logo\/image\/\"},\"sameAs\":[\"https:\/\/www.facebook.com\/AddictionSuisse\",\"https:\/\/x.com\/AddictionSuisse\",\"https:\/\/www.linkedin.com\/company\/addiction-suisse\/\",\"https:\/\/www.instagram.com\/addictionsuisse\/\",\"https:\/\/www.youtube.com\/@Addiction_Suisse\"]}]}<\/script>\n<!-- \/ Yoast SEO plugin. -->","yoast_head_json":{"title":"Impressum - Tina und Toni","robots":{"index":"index","follow":"follow","max-snippet":"max-snippet:-1","max-image-preview":"max-image-preview:large","max-video-preview":"max-video-preview:-1"},"canonical":"https:\/\/tinatoni.ch\/de\/impressum\/","og_locale":"de_DE","og_type":"article","og_title":"Impressum - Tina und Toni","og_description":"Impressum Herausgeberin der Website Sucht SchweizAv. Louis-Ruchonnet 14CH-1003 LausanneT\u00a0 021 321 29 11www.suchtschweiz.ch Autorinnen Genevi\u00e8ve Praplan, Rachel Stauffer Babel Gestaltung und Illustration Ga\u00eblle Pecoraro Audio Geschichten 1 bis 10: Audio Works GMBH, Liebefeld-Bern 11 und 12: Fabian Chiquet, Bern H\u00f6rspielszenen 1 bis 10: Calma Kinderbetreuung, Schwarzenburg11 und 12: Junge B\u00fchne Bern, unter Leitung von Eva [&hellip;]","og_url":"https:\/\/tinatoni.ch\/de\/impressum\/","og_site_name":"Tina und Toni","article_publisher":"https:\/\/www.facebook.com\/AddictionSuisse","article_modified_time":"2021-12-02T12:51:28+00:00","twitter_card":"summary_large_image","twitter_site":"@AddictionSuisse","twitter_misc":{"Gesch\u00e4tzte Lesezeit":"2\u00a0Minuten"},"schema":{"@context":"https:\/\/schema.org","@graph":[{"@type":"WebPage","@id":"https:\/\/tinatoni.ch\/de\/impressum\/","url":"https:\/\/tinatoni.ch\/de\/impressum\/","name":"Impressum - Tina und Toni","isPartOf":{"@id":"https:\/\/tinatoni.ch\/#website"},"datePublished":"2021-12-02T12:51:26+00:00","dateModified":"2021-12-02T12:51:28+00:00","inLanguage":"de","potentialAction":[{"@type":"ReadAction","target":["https:\/\/tinatoni.ch\/de\/impressum\/"]}]},{"@type":"WebSite","@id":"https:\/\/tinatoni.ch\/#website","url":"https:\/\/tinatoni.ch\/","name":"Tina et Toni","description":"Ein umfassendes Pr\u00e4ventionsprogramm f\u00fcr Kinder zwischen 4 und 6 Jahren","publisher":{"@id":"https:\/\/tinatoni.ch\/#organization"},"potentialAction":[{"@type":"SearchAction","target":{"@type":"EntryPoint","urlTemplate":"https:\/\/tinatoni.ch\/?s={search_term_string}"},"query-input":{"@type":"PropertyValueSpecification","valueRequired":true,"valueName":"search_term_string"}}],"inLanguage":"de"},{"@type":"Organization","@id":"https:\/\/tinatoni.ch\/#organization","name":"Tina et Toni","url":"https:\/\/tinatoni.ch\/","logo":{"@type":"ImageObject","inLanguage":"de","@id":"https:\/\/tinatoni.ch\/#\/schema\/logo\/image\/","url":"https:\/\/tinatoni.ch\/wp-content\/uploads\/2021\/10\/TT_entete.svg","contentUrl":"https:\/\/tinatoni.ch\/wp-content\/uploads\/2021\/10\/TT_entete.svg","width":"1024","height":"1024","caption":"Tina et Toni"},"image":{"@id":"https:\/\/tinatoni.ch\/#\/schema\/logo\/image\/"},"sameAs":["https:\/\/www.facebook.com\/AddictionSuisse","https:\/\/x.com\/AddictionSuisse","https:\/\/www.linkedin.com\/company\/addiction-suisse\/","https:\/\/www.instagram.com\/addictionsuisse\/","https:\/\/www.youtube.com\/@Addiction_Suisse"]}]}},"_links":{"self":[{"href":"https:\/\/tinatoni.ch\/de\/wp-json\/wp\/v2\/pages\/1400","targetHints":{"allow":["GET"]}}],"collection":[{"href":"https:\/\/tinatoni.ch\/de\/wp-json\/wp\/v2\/pages"}],"about":[{"href":"https:\/\/tinatoni.ch\/de\/wp-json\/wp\/v2\/types\/page"}],"author":[{"embeddable":true,"href":"https:\/\/tinatoni.ch\/de\/wp-json\/wp\/v2\/users\/1"}],"replies":[{"embeddable":true,"href":"https:\/\/tinatoni.ch\/de\/wp-json\/wp\/v2\/comments?post=1400"}],"version-history":[{"count":5,"href":"https:\/\/tinatoni.ch\/de\/wp-json\/wp\/v2\/pages\/1400\/revisions"}],"predecessor-version":[{"id":1865,"href":"https:\/\/tinatoni.ch\/de\/wp-json\/wp\/v2\/pages\/1400\/revisions\/1865"}],"wp:attachment":[{"href":"https:\/\/tinatoni.ch\/de\/wp-json\/wp\/v2\/media?parent=1400"}],"curies":[{"name":"wp","href":"https:\/\/api.w.org\/{rel}","templated":true}]}}